{"id":594,"date":"2021-09-14T14:42:56","date_gmt":"2021-09-14T14:42:56","guid":{"rendered":"http:\/\/stelizabethnyc.org\/?page_id=594"},"modified":"2023-03-11T10:15:22","modified_gmt":"2023-03-11T15:15:22","slug":"baptism","status":"publish","type":"page","link":"https:\/\/stelizabethnyc.org\/es\/baptism\/","title":{"rendered":"Bautismo"},"content":{"rendered":"<div data-elementor-type=\"wp-page\" data-elementor-id=\"594\" class=\"elementor elementor-594\" data-elementor-post-type=\"page\">\n\t\t\t\t\t\t<section class=\"elementor-section elementor-top-section elementor-element elementor-element-1c100f6 elementor-section-full_width elementor-section-height-default elementor-section-height-default\" data-id=\"1c100f6\" data-element_type=\"section\">\n\t\t\t\t\t\t<div class=\"elementor-container elementor-column-gap-default\">\n\t\t\t\t\t<div class=\"elementor-column elementor-col-33 elementor-top-column elementor-element elementor-element-38b72e3\" data-id=\"38b72e3\" data-element_type=\"column\">\n\t\t\t<div class=\"elementor-widget-wrap elementor-element-populated\">\n\t\t\t\t\t\t<div class=\"elementor-element elementor-element-5e34b96 elementor-widget elementor-widget-heading\" data-id=\"5e34b96\" data-element_type=\"widget\" data-widget_type=\"heading.default\">\n\t\t\t\t<div class=\"elementor-widget-container\">\n\t\t\t\t\t<h3 class=\"elementor-heading-title elementor-size-default\">Bautismo para infantes<\/h3>\t\t\t\t<\/div>\n\t\t\t\t<\/div>\n\t\t\t\t<div class=\"elementor-element elementor-element-89e4645 elementor-widget elementor-widget-image\" data-id=\"89e4645\" data-element_type=\"widget\" data-widget_type=\"image.default\">\n\t\t\t\t<div class=\"elementor-widget-container\">\n\t\t\t\t\t\t\t\t\t\t\t\t\t\t\t<img fetchpriority=\"high\" decoding=\"async\" width=\"430\" height=\"265\" src=\"https:\/\/stelizabethnyc.org\/wp-content\/uploads\/2021\/09\/1.jpg\" class=\"attachment-large size-large wp-image-618\" alt=\"\" srcset=\"https:\/\/stelizabethnyc.org\/wp-content\/uploads\/2021\/09\/1.jpg 430w, https:\/\/stelizabethnyc.org\/wp-content\/uploads\/2021\/09\/1-300x185.jpg 300w\" sizes=\"(max-width: 430px) 100vw, 430px\" \/>\t\t\t\t\t\t\t\t\t\t\t\t\t\t\t<\/div>\n\t\t\t\t<\/div>\n\t\t\t\t<div class=\"elementor-element elementor-element-d209209 elementor-widget elementor-widget-text-editor\" data-id=\"d209209\" data-element_type=\"widget\" data-widget_type=\"text-editor.default\">\n\t\t\t\t<div class=\"elementor-widget-container\">\n\t\t\t\t\t\t\t\t\t<p>El bautismo es la puerta de entrada a la vida espiritual. A trav\u00e9s de \u00e9l nos liberamos del pecado y renacemos como hijos e hijas de Dios. Nos convertimos en miembros del Cuerpo de Cristo, nos incorporamos a la Iglesia y nos hacemos part\u00edcipes de su misi\u00f3n.<br \/><br \/>Compartimos tu emoci\u00f3n por el deseo de que su hijo reciba este sacramento en la vida de Cristo y de Nuestra Iglesia.<\/p>\t\t\t\t\t\t\t\t<\/div>\n\t\t\t\t<\/div>\n\t\t\t\t\t<\/div>\n\t\t<\/div>\n\t\t\t\t<div class=\"elementor-column elementor-col-33 elementor-top-column elementor-element elementor-element-dd99a9f\" data-id=\"dd99a9f\" data-element_type=\"column\">\n\t\t\t<div class=\"elementor-widget-wrap elementor-element-populated\">\n\t\t\t\t\t\t<div class=\"elementor-element elementor-element-3203dd1 elementor-widget elementor-widget-heading\" data-id=\"3203dd1\" data-element_type=\"widget\" data-widget_type=\"heading.default\">\n\t\t\t\t<div class=\"elementor-widget-container\">\n\t\t\t\t\t<h3 class=\"elementor-heading-title elementor-size-default\">Bautismo para ni\u00f1os<\/h3>\t\t\t\t<\/div>\n\t\t\t\t<\/div>\n\t\t\t\t<div class=\"elementor-element elementor-element-3bf6499 elementor-widget elementor-widget-image\" data-id=\"3bf6499\" data-element_type=\"widget\" data-widget_type=\"image.default\">\n\t\t\t\t<div class=\"elementor-widget-container\">\n\t\t\t\t\t\t\t\t\t\t\t\t\t\t\t<img decoding=\"async\" width=\"430\" height=\"265\" src=\"https:\/\/stelizabethnyc.org\/wp-content\/uploads\/2021\/09\/2.jpg\" class=\"attachment-large size-large wp-image-619\" alt=\"\" srcset=\"https:\/\/stelizabethnyc.org\/wp-content\/uploads\/2021\/09\/2.jpg 430w, https:\/\/stelizabethnyc.org\/wp-content\/uploads\/2021\/09\/2-300x185.jpg 300w\" sizes=\"(max-width: 430px) 100vw, 430px\" \/>\t\t\t\t\t\t\t\t\t\t\t\t\t\t\t<\/div>\n\t\t\t\t<\/div>\n\t\t\t\t<div class=\"elementor-element elementor-element-469aa5d elementor-widget elementor-widget-text-editor\" data-id=\"469aa5d\" data-element_type=\"widget\" data-widget_type=\"text-editor.default\">\n\t\t\t\t<div class=\"elementor-widget-container\">\n\t\t\t\t\t\t\t\t\t<p>los ni\u00f1os mayores de seis a\u00f1os y menores de diecisiete necesitan completar un periodo de instrucci\u00f3n religiosa antes de ser bautizados.<\/p><p>Compartimos Tu emoci\u00f3n de bautizar a tu hijo.<\/p>\t\t\t\t\t\t\t\t<\/div>\n\t\t\t\t<\/div>\n\t\t\t\t\t<\/div>\n\t\t<\/div>\n\t\t\t\t<div class=\"elementor-column elementor-col-33 elementor-top-column elementor-element elementor-element-f83b226\" data-id=\"f83b226\" data-element_type=\"column\">\n\t\t\t<div class=\"elementor-widget-wrap elementor-element-populated\">\n\t\t\t\t\t\t<div class=\"elementor-element elementor-element-1bf24c0 elementor-widget elementor-widget-heading\" data-id=\"1bf24c0\" data-element_type=\"widget\" data-widget_type=\"heading.default\">\n\t\t\t\t<div class=\"elementor-widget-container\">\n\t\t\t\t\t<h3 class=\"elementor-heading-title elementor-size-default\">Bautismo para adultos<\/h3>\t\t\t\t<\/div>\n\t\t\t\t<\/div>\n\t\t\t\t<div class=\"elementor-element elementor-element-ff257a7 elementor-widget elementor-widget-image\" data-id=\"ff257a7\" data-element_type=\"widget\" data-widget_type=\"image.default\">\n\t\t\t\t<div class=\"elementor-widget-container\">\n\t\t\t\t\t\t\t\t\t\t\t\t\t\t\t<img decoding=\"async\" width=\"430\" height=\"265\" src=\"https:\/\/stelizabethnyc.org\/wp-content\/uploads\/2021\/09\/3.jpg\" class=\"attachment-large size-large wp-image-620\" alt=\"\" srcset=\"https:\/\/stelizabethnyc.org\/wp-content\/uploads\/2021\/09\/3.jpg 430w, https:\/\/stelizabethnyc.org\/wp-content\/uploads\/2021\/09\/3-300x185.jpg 300w\" sizes=\"(max-width: 430px) 100vw, 430px\" \/>\t\t\t\t\t\t\t\t\t\t\t\t\t\t\t<\/div>\n\t\t\t\t<\/div>\n\t\t\t\t<div class=\"elementor-element elementor-element-54aa75c elementor-widget elementor-widget-text-editor\" data-id=\"54aa75c\" data-element_type=\"widget\" data-widget_type=\"text-editor.default\">\n\t\t\t\t<div class=\"elementor-widget-container\">\n\t\t\t\t\t\t\t\t\t<p>Los adultos que buscan el bautismo o quieren convertirse en cristianos cat\u00f3licos entran en un programa llamado <strong>R. I. C. A.<\/strong>(<strong>Ritual de iniciaci\u00f3n cristiana adultos<\/strong>).<\/p><p>Este es un programa antiguo que se remonta a la iglesia primitiva.<\/p>\t\t\t\t\t\t\t\t<\/div>\n\t\t\t\t<\/div>\n\t\t\t\t\t<\/div>\n\t\t<\/div>\n\t\t\t\t\t<\/div>\n\t\t<\/section>\n\t\t\t\t<section class=\"elementor-section elementor-top-section elementor-element elementor-element-cdaa215 elementor-section-full_width elementor-section-height-default elementor-section-height-default\" data-id=\"cdaa215\" data-element_type=\"section\">\n\t\t\t\t\t\t<div class=\"elementor-container elementor-column-gap-default\">\n\t\t\t\t\t<div class=\"elementor-column elementor-col-100 elementor-top-column elementor-element elementor-element-456cecd\" data-id=\"456cecd\" data-element_type=\"column\">\n\t\t\t<div class=\"elementor-widget-wrap elementor-element-populated\">\n\t\t\t\t\t\t<div class=\"elementor-element elementor-element-2c5c7b0 elementor-widget elementor-widget-text-editor\" data-id=\"2c5c7b0\" data-element_type=\"widget\" data-widget_type=\"text-editor.default\">\n\t\t\t\t<div class=\"elementor-widget-container\">\n\t\t\t\t\t\t\t\t\t<p><strong>Para R.I.C.A.<\/strong><\/p><p><img loading=\"lazy\" decoding=\"async\" class=\"alignnone size-full wp-image-627\" src=\"https:\/\/stelizabethnyc.org\/wp-content\/uploads\/2021\/09\/125-Hermana-Maria-Cleotilde.jpg\" alt=\"\" width=\"125\" height=\"137\" \/><\/p><p>Por favor, llame a la Hermana Cleotilde<br \/>212-568-8803<br \/>La hermana Cleotildes est\u00e1 disponible el mi\u00e9rcoles,<br \/>viernes y s\u00e1bado 10:00 a 12:30 y 13:30 a 15:00<\/p>\t\t\t\t\t\t\t\t<\/div>\n\t\t\t\t<\/div>\n\t\t\t\t<div class=\"elementor-element elementor-element-22a3605 elementor-widget elementor-widget-heading\" data-id=\"22a3605\" data-element_type=\"widget\" data-widget_type=\"heading.default\">\n\t\t\t\t<div class=\"elementor-widget-container\">\n\t\t\t\t\t<h3 class=\"elementor-heading-title elementor-size-default\">Formulario para descargar:<\/h3>\t\t\t\t<\/div>\n\t\t\t\t<\/div>\n\t\t\t\t<div class=\"elementor-element elementor-element-846c648 elementor-icon-list--layout-inline elementor-list-item-link-full_width elementor-widget elementor-widget-icon-list\" data-id=\"846c648\" data-element_type=\"widget\" data-widget_type=\"icon-list.default\">\n\t\t\t\t<div class=\"elementor-widget-container\">\n\t\t\t\t\t\t\t<ul class=\"elementor-icon-list-items elementor-inline-items\">\n\t\t\t\t\t\t\t<li class=\"elementor-icon-list-item elementor-inline-item\">\n\t\t\t\t\t\t\t\t\t\t\t<a href=\"https:\/\/stelizabethnyc.org\/wp-content\/uploads\/2023\/02\/Baptism-Form.pdf\" target=\"_blank\" rel=\"nofollow\">\n\n\t\t\t\t\t\t\t\t\t\t\t\t<span class=\"elementor-icon-list-icon\">\n\t\t\t\t\t\t\t<i aria-hidden=\"true\" class=\"far fa-file-pdf\"><\/i>\t\t\t\t\t\t<\/span>\n\t\t\t\t\t\t\t\t\t\t<span class=\"elementor-icon-list-text\">Formulario de Bautismo<\/span>\n\t\t\t\t\t\t\t\t\t\t\t<\/a>\n\t\t\t\t\t\t\t\t\t<\/li>\n\t\t\t\t\t\t<\/ul>\n\t\t\t\t\t\t<\/div>\n\t\t\t\t<\/div>\n\t\t\t\t\t<\/div>\n\t\t<\/div>\n\t\t\t\t\t<\/div>\n\t\t<\/section>\n\t\t\t\t<\/div>","protected":false},"excerpt":{"rendered":"<p>Baptism For Infants Baptism is the gateway into the spiritual life. Through it we are freed from sin and reborn as sons and daughters of God. We become members of the Body of Christ, are incorporated into the Church, and made sharers in its mission. We share your excitement of your desire to have your [&hellip;]<\/p>","protected":false},"author":1,"featured_media":0,"parent":0,"menu_order":0,"comment_status":"closed","ping_status":"closed","template":"","meta":{"footnotes":""},"class_list":["post-594","page","type-page","status-publish","hentry"],"_links":{"self":[{"href":"https:\/\/stelizabethnyc.org\/es\/wp-json\/wp\/v2\/pages\/594","targetHints":{"allow":["GET"]}}],"collection":[{"href":"https:\/\/stelizabethnyc.org\/es\/wp-json\/wp\/v2\/pages"}],"about":[{"href":"https:\/\/stelizabethnyc.org\/es\/wp-json\/wp\/v2\/types\/page"}],"author":[{"embeddable":true,"href":"https:\/\/stelizabethnyc.org\/es\/wp-json\/wp\/v2\/users\/1"}],"replies":[{"embeddable":true,"href":"https:\/\/stelizabethnyc.org\/es\/wp-json\/wp\/v2\/comments?post=594"}],"version-history":[{"count":6,"href":"https:\/\/stelizabethnyc.org\/es\/wp-json\/wp\/v2\/pages\/594\/revisions"}],"predecessor-version":[{"id":1781,"href":"https:\/\/stelizabethnyc.org\/es\/wp-json\/wp\/v2\/pages\/594\/revisions\/1781"}],"wp:attachment":[{"href":"https:\/\/stelizabethnyc.org\/es\/wp-json\/wp\/v2\/media?parent=594"}],"curies":[{"name":"wp","href":"https:\/\/api.w.org\/{rel}","templated":true}]}}