{"id":596,"date":"2021-09-14T14:43:17","date_gmt":"2021-09-14T14:43:17","guid":{"rendered":"http:\/\/stelizabethnyc.org\/?page_id=596"},"modified":"2022-07-12T16:10:34","modified_gmt":"2022-07-12T20:10:34","slug":"reconciliation","status":"publish","type":"page","link":"https:\/\/stelizabethnyc.org\/es\/reconciliation\/","title":{"rendered":"Reconciliaci\u00f3n"},"content":{"rendered":"<div data-elementor-type=\"wp-page\" data-elementor-id=\"596\" class=\"elementor elementor-596\" data-elementor-post-type=\"page\">\n\t\t\t\t\t\t<section class=\"elementor-section elementor-top-section elementor-element elementor-element-fb1b4ca elementor-section-full_width elementor-section-height-default elementor-section-height-default\" data-id=\"fb1b4ca\" data-element_type=\"section\">\n\t\t\t\t\t\t<div class=\"elementor-container elementor-column-gap-default\">\n\t\t\t\t\t<div class=\"elementor-column elementor-col-100 elementor-top-column elementor-element elementor-element-93560f6\" data-id=\"93560f6\" data-element_type=\"column\">\n\t\t\t<div class=\"elementor-widget-wrap elementor-element-populated\">\n\t\t\t\t\t\t<div class=\"elementor-element elementor-element-95ec35f elementor-widget elementor-widget-heading\" data-id=\"95ec35f\" data-element_type=\"widget\" data-widget_type=\"heading.default\">\n\t\t\t\t<div class=\"elementor-widget-container\">\n\t\t\t\t\t<h3 class=\"elementor-heading-title elementor-size-default\">Confesi\u00f3n<\/h3>\t\t\t\t<\/div>\n\t\t\t\t<\/div>\n\t\t\t\t<div class=\"elementor-element elementor-element-85cc3f0 elementor-widget elementor-widget-image\" data-id=\"85cc3f0\" data-element_type=\"widget\" data-widget_type=\"image.default\">\n\t\t\t\t<div class=\"elementor-widget-container\">\n\t\t\t\t\t\t\t\t\t\t\t\t\t\t\t<img fetchpriority=\"high\" decoding=\"async\" width=\"430\" height=\"265\" src=\"https:\/\/stelizabethnyc.org\/wp-content\/uploads\/2021\/09\/confesion.jpg\" class=\"attachment-full size-full wp-image-632\" alt=\"\" srcset=\"https:\/\/stelizabethnyc.org\/wp-content\/uploads\/2021\/09\/confesion.jpg 430w, https:\/\/stelizabethnyc.org\/wp-content\/uploads\/2021\/09\/confesion-300x185.jpg 300w\" sizes=\"(max-width: 430px) 100vw, 430px\" \/>\t\t\t\t\t\t\t\t\t\t\t\t\t\t\t<\/div>\n\t\t\t\t<\/div>\n\t\t\t\t<div class=\"elementor-element elementor-element-766432c elementor-widget elementor-widget-text-editor\" data-id=\"766432c\" data-element_type=\"widget\" data-widget_type=\"text-editor.default\">\n\t\t\t\t<div class=\"elementor-widget-container\">\n\t\t\t\t\t\t\t\t\t<p>El bautismo es la puerta de entrada a la vida espiritual. A trav\u00e9s de \u00e9l nos liberamos del pecado y renacemos como hijos e hijas de Dios. Nos convertimos en miembros del Cuerpo de Cristo, nos incorporamos a la Iglesia y nos hacemos part\u00edcipes de su misi\u00f3n.<br \/><br \/>Compartimos tu emoci\u00f3n por el deseo de que su hijo reciba este sacramento en la vida de Cristo y de Nuestra Iglesia.<\/p>\t\t\t\t\t\t\t\t<\/div>\n\t\t\t\t<\/div>\n\t\t\t\t<div class=\"elementor-element elementor-element-535bd99 elementor-widget elementor-widget-text-editor\" data-id=\"535bd99\" data-element_type=\"widget\" data-widget_type=\"text-editor.default\">\n\t\t\t\t<div class=\"elementor-widget-container\">\n\t\t\t\t\t\t\t\t\t<p>\"Te dar\u00e9 las llaves del reino de los cielos, y todo lo que ates en la tierra quedar\u00e1 atado en el cielo, y todo lo que desates en la tierra quedar\u00e1 desatado en el cielo\". <strong>Mateo 16:19<\/strong><\/p>\t\t\t\t\t\t\t\t<\/div>\n\t\t\t\t<\/div>\n\t\t\t\t<div class=\"elementor-element elementor-element-29123d8 elementor-icon-list--layout-traditional elementor-list-item-link-full_width elementor-widget elementor-widget-icon-list\" data-id=\"29123d8\" data-element_type=\"widget\" data-widget_type=\"icon-list.default\">\n\t\t\t\t<div class=\"elementor-widget-container\">\n\t\t\t\t\t\t\t<ul class=\"elementor-icon-list-items\">\n\t\t\t\t\t\t\t<li class=\"elementor-icon-list-item\">\n\t\t\t\t\t\t\t\t\t\t\t<span class=\"elementor-icon-list-icon\">\n\t\t\t\t\t\t\t<svg xmlns=\"http:\/\/www.w3.org\/2000\/svg\" id=\"Layer_1\" height=\"512\" viewbox=\"0 0 512 512\" width=\"512\"><g><path d=\"m406.625 120.5h-105.5v-105.5c0-8.284-6.716-15-15-15h-60.25c-8.284 0-15 6.716-15 15v105.5h-105.5c-8.284 0-15 6.716-15 15v60.25c0 8.284 6.716 15 15 15h105.5v286.25c0 8.284 6.716 15 15 15h60.25c8.284 0 15-6.716 15-15v-286.25h105.5c8.284 0 15-6.716 15-15v-60.25c0-8.284-6.716-15-15-15z\"><\/path><\/g><\/svg>\t\t\t\t\t\t<\/span>\n\t\t\t\t\t\t\t\t\t\t<span class=\"elementor-icon-list-text\">4:15 pm - 4:45 pm<\/span>\n\t\t\t\t\t\t\t\t\t<\/li>\n\t\t\t\t\t\t\t\t<li class=\"elementor-icon-list-item\">\n\t\t\t\t\t\t\t\t\t\t\t<span class=\"elementor-icon-list-icon\">\n\t\t\t\t\t\t\t<svg xmlns=\"http:\/\/www.w3.org\/2000\/svg\" id=\"Layer_1\" height=\"512\" viewbox=\"0 0 512 512\" width=\"512\"><g><path d=\"m406.625 120.5h-105.5v-105.5c0-8.284-6.716-15-15-15h-60.25c-8.284 0-15 6.716-15 15v105.5h-105.5c-8.284 0-15 6.716-15 15v60.25c0 8.284 6.716 15 15 15h105.5v286.25c0 8.284 6.716 15 15 15h60.25c8.284 0 15-6.716 15-15v-286.25h105.5c8.284 0 15-6.716 15-15v-60.25c0-8.284-6.716-15-15-15z\"><\/path><\/g><\/svg>\t\t\t\t\t\t<\/span>\n\t\t\t\t\t\t\t\t\t\t<span class=\"elementor-icon-list-text\">6:00 <span style=\"font-size: 17.6px;\">pm<\/span>  S\u00e1bado <\/span>\n\t\t\t\t\t\t\t\t\t<\/li>\n\t\t\t\t\t\t<\/ul>\n\t\t\t\t\t\t<\/div>\n\t\t\t\t<\/div>\n\t\t\t\t<div class=\"elementor-element elementor-element-2c8d0cf elementor-widget elementor-widget-text-editor\" data-id=\"2c8d0cf\" data-element_type=\"widget\" data-widget_type=\"text-editor.default\">\n\t\t\t\t<div class=\"elementor-widget-container\">\n\t\t\t\t\t\t\t\t\t<p>La confesi\u00f3n tambi\u00e9n est\u00e1 disponible con cita previa.<br \/>Para concertar una cita para la confesi\u00f3n llame a la oficina.<\/p><p>El Sacramento de la Reconciliaci\u00f3n es un poderoso encuentro con la misericordia de Jes\u00fas. La confesi\u00f3n rompe el poder del pecado y restaura nuestra relaci\u00f3n con Dios.<\/p>\t\t\t\t\t\t\t\t<\/div>\n\t\t\t\t<\/div>\n\t\t\t\t\t<\/div>\n\t\t<\/div>\n\t\t\t\t\t<\/div>\n\t\t<\/section>\n\t\t\t\t<\/div>","protected":false},"excerpt":{"rendered":"<p>Confession Baptism is the gateway into the spiritual life. Through it we are freed from sin and reborn as sons and daughters of God. We become members of the Body of Christ, are incorporated into the Church, and made sharers in its mission. We share your excitement of your desire to have your child receive [&hellip;]<\/p>","protected":false},"author":1,"featured_media":0,"parent":0,"menu_order":0,"comment_status":"closed","ping_status":"closed","template":"","meta":{"footnotes":""},"class_list":["post-596","page","type-page","status-publish","hentry"],"_links":{"self":[{"href":"https:\/\/stelizabethnyc.org\/es\/wp-json\/wp\/v2\/pages\/596","targetHints":{"allow":["GET"]}}],"collection":[{"href":"https:\/\/stelizabethnyc.org\/es\/wp-json\/wp\/v2\/pages"}],"about":[{"href":"https:\/\/stelizabethnyc.org\/es\/wp-json\/wp\/v2\/types\/page"}],"author":[{"embeddable":true,"href":"https:\/\/stelizabethnyc.org\/es\/wp-json\/wp\/v2\/users\/1"}],"replies":[{"embeddable":true,"href":"https:\/\/stelizabethnyc.org\/es\/wp-json\/wp\/v2\/comments?post=596"}],"version-history":[{"count":0,"href":"https:\/\/stelizabethnyc.org\/es\/wp-json\/wp\/v2\/pages\/596\/revisions"}],"wp:attachment":[{"href":"https:\/\/stelizabethnyc.org\/es\/wp-json\/wp\/v2\/media?parent=596"}],"curies":[{"name":"wp","href":"https:\/\/api.w.org\/{rel}","templated":true}]}}