{"id":598,"date":"2021-09-14T14:43:32","date_gmt":"2021-09-14T14:43:32","guid":{"rendered":"http:\/\/stelizabethnyc.org\/?page_id=598"},"modified":"2023-02-17T03:59:26","modified_gmt":"2023-02-17T08:59:26","slug":"communion","status":"publish","type":"page","link":"https:\/\/stelizabethnyc.org\/es\/communion\/","title":{"rendered":"Comuni\u00f3n"},"content":{"rendered":"<div data-elementor-type=\"wp-page\" data-elementor-id=\"598\" class=\"elementor elementor-598\" data-elementor-post-type=\"page\">\n\t\t\t\t\t\t<section class=\"elementor-section elementor-top-section elementor-element elementor-element-22cdc56 elementor-section-full_width elementor-section-height-default elementor-section-height-default\" data-id=\"22cdc56\" data-element_type=\"section\">\n\t\t\t\t\t\t<div class=\"elementor-container elementor-column-gap-default\">\n\t\t\t\t\t<div class=\"elementor-column elementor-col-100 elementor-top-column elementor-element elementor-element-e0dfa6a\" data-id=\"e0dfa6a\" data-element_type=\"column\">\n\t\t\t<div class=\"elementor-widget-wrap elementor-element-populated\">\n\t\t\t\t\t\t<div class=\"elementor-element elementor-element-9efc14b elementor-widget elementor-widget-heading\" data-id=\"9efc14b\" data-element_type=\"widget\" data-widget_type=\"heading.default\">\n\t\t\t\t<div class=\"elementor-widget-container\">\n\t\t\t\t\t<h3 class=\"elementor-heading-title elementor-size-default\">\"La Eucarist\u00eda es la fuente y la cumbre <\/br> de nuestra vida cristiana\"<\/h3>\t\t\t\t<\/div>\n\t\t\t\t<\/div>\n\t\t\t\t<div class=\"elementor-element elementor-element-67908c3 elementor-widget elementor-widget-image\" data-id=\"67908c3\" data-element_type=\"widget\" data-widget_type=\"image.default\">\n\t\t\t\t<div class=\"elementor-widget-container\">\n\t\t\t\t\t\t\t\t\t\t\t\t\t\t\t<img fetchpriority=\"high\" decoding=\"async\" width=\"430\" height=\"265\" src=\"https:\/\/stelizabethnyc.org\/wp-content\/uploads\/2021\/09\/comunion.jpg\" class=\"attachment-full size-full wp-image-650\" alt=\"\" srcset=\"https:\/\/stelizabethnyc.org\/wp-content\/uploads\/2021\/09\/comunion.jpg 430w, https:\/\/stelizabethnyc.org\/wp-content\/uploads\/2021\/09\/comunion-300x185.jpg 300w\" sizes=\"(max-width: 430px) 100vw, 430px\" \/>\t\t\t\t\t\t\t\t\t\t\t\t\t\t\t<\/div>\n\t\t\t\t<\/div>\n\t\t\t\t<div class=\"elementor-element elementor-element-37cde16 elementor-icon-list--layout-traditional elementor-list-item-link-full_width elementor-widget elementor-widget-icon-list\" data-id=\"37cde16\" data-element_type=\"widget\" data-widget_type=\"icon-list.default\">\n\t\t\t\t<div class=\"elementor-widget-container\">\n\t\t\t\t\t\t\t<ul class=\"elementor-icon-list-items\">\n\t\t\t\t\t\t\t<li class=\"elementor-icon-list-item\">\n\t\t\t\t\t\t\t\t\t\t\t<span class=\"elementor-icon-list-icon\">\n\t\t\t\t\t\t\t<svg xmlns=\"http:\/\/www.w3.org\/2000\/svg\" id=\"Layer_1\" height=\"512\" viewbox=\"0 0 512 512\" width=\"512\"><g><path d=\"m406.625 120.5h-105.5v-105.5c0-8.284-6.716-15-15-15h-60.25c-8.284 0-15 6.716-15 15v105.5h-105.5c-8.284 0-15 6.716-15 15v60.25c0 8.284 6.716 15 15 15h105.5v286.25c0 8.284 6.716 15 15 15h60.25c8.284 0 15-6.716 15-15v-286.25h105.5c8.284 0 15-6.716 15-15v-60.25c0-8.284-6.716-15-15-15z\"><\/path><\/g><\/svg>\t\t\t\t\t\t<\/span>\n\t\t\t\t\t\t\t\t\t\t<span class=\"elementor-icon-list-text\">4:15 pm - 4:45 pm<\/span>\n\t\t\t\t\t\t\t\t\t<\/li>\n\t\t\t\t\t\t\t\t<li class=\"elementor-icon-list-item\">\n\t\t\t\t\t\t\t\t\t\t\t<span class=\"elementor-icon-list-icon\">\n\t\t\t\t\t\t\t<svg xmlns=\"http:\/\/www.w3.org\/2000\/svg\" id=\"Layer_1\" height=\"512\" viewbox=\"0 0 512 512\" width=\"512\"><g><path d=\"m406.625 120.5h-105.5v-105.5c0-8.284-6.716-15-15-15h-60.25c-8.284 0-15 6.716-15 15v105.5h-105.5c-8.284 0-15 6.716-15 15v60.25c0 8.284 6.716 15 15 15h105.5v286.25c0 8.284 6.716 15 15 15h60.25c8.284 0 15-6.716 15-15v-286.25h105.5c8.284 0 15-6.716 15-15v-60.25c0-8.284-6.716-15-15-15z\"><\/path><\/g><\/svg>\t\t\t\t\t\t<\/span>\n\t\t\t\t\t\t\t\t\t\t<span class=\"elementor-icon-list-text\">6:00 pm S\u00e1bado <\/span>\n\t\t\t\t\t\t\t\t\t<\/li>\n\t\t\t\t\t\t<\/ul>\n\t\t\t\t\t\t<\/div>\n\t\t\t\t<\/div>\n\t\t\t\t<div class=\"elementor-element elementor-element-f287ecc elementor-widget elementor-widget-text-editor\" data-id=\"f287ecc\" data-element_type=\"widget\" data-widget_type=\"text-editor.default\">\n\t\t\t\t<div class=\"elementor-widget-container\">\n\t\t\t\t\t\t\t\t\t<p>La confesi\u00f3n tambi\u00e9n est\u00e1 disponible con cita previa.<br \/>Para concertar una cita para la confesi\u00f3n llame a la oficina.<\/p><p>El Sacramento de la Reconciliaci\u00f3n es un poderoso encuentro con la misericordia de Jes\u00fas. La confesi\u00f3n rompe el poder del pecado y restaura nuestra relaci\u00f3n con Dios.<\/p>\t\t\t\t\t\t\t\t<\/div>\n\t\t\t\t<\/div>\n\t\t\t\t\t<\/div>\n\t\t<\/div>\n\t\t\t\t\t<\/div>\n\t\t<\/section>\n\t\t\t\t<section class=\"elementor-section elementor-top-section elementor-element elementor-element-a16224d elementor-section-full_width elementor-section-height-default elementor-section-height-default\" data-id=\"a16224d\" data-element_type=\"section\">\n\t\t\t\t\t\t<div class=\"elementor-container elementor-column-gap-default\">\n\t\t\t\t\t<div class=\"elementor-column elementor-col-50 elementor-top-column elementor-element elementor-element-0445e6c\" data-id=\"0445e6c\" data-element_type=\"column\">\n\t\t\t<div class=\"elementor-widget-wrap elementor-element-populated\">\n\t\t\t\t\t\t<div class=\"elementor-element elementor-element-d6d4eee elementor-widget elementor-widget-heading\" data-id=\"d6d4eee\" data-element_type=\"widget\" data-widget_type=\"heading.default\">\n\t\t\t\t<div class=\"elementor-widget-container\">\n\t\t\t\t\t<h3 class=\"elementor-heading-title elementor-size-default\">Primera Comuni\u00f3n\nPara los ni\u00f1os<\/h3>\t\t\t\t<\/div>\n\t\t\t\t<\/div>\n\t\t\t\t<div class=\"elementor-element elementor-element-696e137 elementor-widget elementor-widget-image\" data-id=\"696e137\" data-element_type=\"widget\" data-widget_type=\"image.default\">\n\t\t\t\t<div class=\"elementor-widget-container\">\n\t\t\t\t\t\t\t\t\t\t\t\t\t\t\t<img decoding=\"async\" width=\"430\" height=\"265\" src=\"https:\/\/stelizabethnyc.org\/wp-content\/uploads\/2021\/09\/fc-child.jpg\" class=\"attachment-large size-large wp-image-651\" alt=\"\" srcset=\"https:\/\/stelizabethnyc.org\/wp-content\/uploads\/2021\/09\/fc-child.jpg 430w, https:\/\/stelizabethnyc.org\/wp-content\/uploads\/2021\/09\/fc-child-300x185.jpg 300w\" sizes=\"(max-width: 430px) 100vw, 430px\" \/>\t\t\t\t\t\t\t\t\t\t\t\t\t\t\t<\/div>\n\t\t\t\t<\/div>\n\t\t\t\t<div class=\"elementor-element elementor-element-6739b9b elementor-widget elementor-widget-text-editor\" data-id=\"6739b9b\" data-element_type=\"widget\" data-widget_type=\"text-editor.default\">\n\t\t\t\t<div class=\"elementor-widget-container\">\n\t\t\t\t\t\t\t\t\t<p>Su hijo puede prepararse para este sacramento estando inscrito en una escuela cat\u00f3lica o, su hijo debe estar inscrito en el programa de formaci\u00f3n en la fe de la parroquia.<\/p><p>Las clases para nuestro programa religioso ya contin\u00faan en persona. Para m\u00e1s informaci\u00f3n, llame a la oficina <strong>212-568-8803<\/strong><\/p>\t\t\t\t\t\t\t\t<\/div>\n\t\t\t\t<\/div>\n\t\t\t\t\t<\/div>\n\t\t<\/div>\n\t\t\t\t<div class=\"elementor-column elementor-col-50 elementor-top-column elementor-element elementor-element-12114e3\" data-id=\"12114e3\" data-element_type=\"column\">\n\t\t\t<div class=\"elementor-widget-wrap elementor-element-populated\">\n\t\t\t\t\t\t<div class=\"elementor-element elementor-element-220ddaa elementor-widget elementor-widget-heading\" data-id=\"220ddaa\" data-element_type=\"widget\" data-widget_type=\"heading.default\">\n\t\t\t\t<div class=\"elementor-widget-container\">\n\t\t\t\t\t<h3 class=\"elementor-heading-title elementor-size-default\">Primera comuni\u00f3n para adultos<\/h3>\t\t\t\t<\/div>\n\t\t\t\t<\/div>\n\t\t\t\t<div class=\"elementor-element elementor-element-ef04e7b elementor-widget elementor-widget-image\" data-id=\"ef04e7b\" data-element_type=\"widget\" data-widget_type=\"image.default\">\n\t\t\t\t<div class=\"elementor-widget-container\">\n\t\t\t\t\t\t\t\t\t\t\t\t\t\t\t<img decoding=\"async\" width=\"430\" height=\"265\" src=\"https:\/\/stelizabethnyc.org\/wp-content\/uploads\/2021\/09\/adult.jpg\" class=\"attachment-large size-large wp-image-652\" alt=\"\" srcset=\"https:\/\/stelizabethnyc.org\/wp-content\/uploads\/2021\/09\/adult.jpg 430w, https:\/\/stelizabethnyc.org\/wp-content\/uploads\/2021\/09\/adult-300x185.jpg 300w\" sizes=\"(max-width: 430px) 100vw, 430px\" \/>\t\t\t\t\t\t\t\t\t\t\t\t\t\t\t<\/div>\n\t\t\t\t<\/div>\n\t\t\t\t<div class=\"elementor-element elementor-element-cf2b100 elementor-widget elementor-widget-text-editor\" data-id=\"cf2b100\" data-element_type=\"widget\" data-widget_type=\"text-editor.default\">\n\t\t\t\t<div class=\"elementor-widget-container\">\n\t\t\t\t\t\t\t\t\t<p>Se anima a los adultos interesados en recibir la primera comuni\u00f3n a que se pongan en contacto con el programa R.I.C.A., para obtener m\u00e1s informaci\u00f3n.<\/p><p>Por favor, llama a la oficina <strong>212-568-8803<\/strong><\/p>\t\t\t\t\t\t\t\t<\/div>\n\t\t\t\t<\/div>\n\t\t\t\t\t<\/div>\n\t\t<\/div>\n\t\t\t\t\t<\/div>\n\t\t<\/section>\n\t\t\t\t<\/div>","protected":false},"excerpt":{"rendered":"<p>&#8220;The Eucharist is the Source and Summit of our Christian life&#8221; 4:15 pm &#8211; 4:45 pm 6:00 pm Saturday Confession is also available by Appointment.To make an appointment for confession call the office. The Sacrament of Reconciliation is a powerful encounter with the mercy of Jesus. Confession breaks the power of sin and restores our [&hellip;]<\/p>","protected":false},"author":1,"featured_media":0,"parent":0,"menu_order":0,"comment_status":"closed","ping_status":"closed","template":"","meta":{"footnotes":""},"class_list":["post-598","page","type-page","status-publish","hentry"],"_links":{"self":[{"href":"https:\/\/stelizabethnyc.org\/es\/wp-json\/wp\/v2\/pages\/598","targetHints":{"allow":["GET"]}}],"collection":[{"href":"https:\/\/stelizabethnyc.org\/es\/wp-json\/wp\/v2\/pages"}],"about":[{"href":"https:\/\/stelizabethnyc.org\/es\/wp-json\/wp\/v2\/types\/page"}],"author":[{"embeddable":true,"href":"https:\/\/stelizabethnyc.org\/es\/wp-json\/wp\/v2\/users\/1"}],"replies":[{"embeddable":true,"href":"https:\/\/stelizabethnyc.org\/es\/wp-json\/wp\/v2\/comments?post=598"}],"version-history":[{"count":3,"href":"https:\/\/stelizabethnyc.org\/es\/wp-json\/wp\/v2\/pages\/598\/revisions"}],"predecessor-version":[{"id":1687,"href":"https:\/\/stelizabethnyc.org\/es\/wp-json\/wp\/v2\/pages\/598\/revisions\/1687"}],"wp:attachment":[{"href":"https:\/\/stelizabethnyc.org\/es\/wp-json\/wp\/v2\/media?parent=598"}],"curies":[{"name":"wp","href":"https:\/\/api.w.org\/{rel}","templated":true}]}}