{"id":602,"date":"2021-09-14T14:44:08","date_gmt":"2021-09-14T14:44:08","guid":{"rendered":"http:\/\/stelizabethnyc.org\/?page_id=602"},"modified":"2021-09-14T20:01:36","modified_gmt":"2021-09-14T20:01:36","slug":"marriage","status":"publish","type":"page","link":"https:\/\/stelizabethnyc.org\/es\/marriage\/","title":{"rendered":"Matrimonio"},"content":{"rendered":"<div data-elementor-type=\"wp-page\" data-elementor-id=\"602\" class=\"elementor elementor-602\" data-elementor-post-type=\"page\">\n\t\t\t\t\t\t<section class=\"elementor-section elementor-top-section elementor-element elementor-element-4b3aef5 elementor-section-full_width elementor-section-height-default elementor-section-height-default\" data-id=\"4b3aef5\" data-element_type=\"section\">\n\t\t\t\t\t\t<div class=\"elementor-container elementor-column-gap-default\">\n\t\t\t\t\t<div class=\"elementor-column elementor-col-100 elementor-top-column elementor-element elementor-element-0f67821\" data-id=\"0f67821\" data-element_type=\"column\">\n\t\t\t<div class=\"elementor-widget-wrap elementor-element-populated\">\n\t\t\t\t\t\t<div class=\"elementor-element elementor-element-c327110 elementor-widget elementor-widget-heading\" data-id=\"c327110\" data-element_type=\"widget\" data-widget_type=\"heading.default\">\n\t\t\t\t<div class=\"elementor-widget-container\">\n\t\t\t\t\t<h3 class=\"elementor-heading-title elementor-size-default\">\"El matrimonio es una comunidad de amor un camino de salvaci\u00f3n personal y de otros\"<\/h3>\t\t\t\t<\/div>\n\t\t\t\t<\/div>\n\t\t\t\t<div class=\"elementor-element elementor-element-bb984e1 elementor-widget elementor-widget-text-editor\" data-id=\"bb984e1\" data-element_type=\"widget\" data-widget_type=\"text-editor.default\">\n\t\t\t\t<div class=\"elementor-widget-container\">\n\t\t\t\t\t\t\t\t\t<p>\u00c9l dijo en respuesta: \"\u00bfNo has le\u00eddo que desde el principio el Creador los hizo var\u00f3n y f\u00e1mula, y dijo: por eso el hombre dejar\u00e1 a su padre y a su madre y se unir\u00e1 a su mujer, y los dos ser\u00e1n una sola carne?\"<br \/>Mateo 19. 4-5<\/p>\t\t\t\t\t\t\t\t<\/div>\n\t\t\t\t<\/div>\n\t\t\t\t<div class=\"elementor-element elementor-element-fefbb66 elementor-widget elementor-widget-image\" data-id=\"fefbb66\" data-element_type=\"widget\" data-widget_type=\"image.default\">\n\t\t\t\t<div class=\"elementor-widget-container\">\n\t\t\t\t\t\t\t\t\t\t\t\t\t\t\t<img fetchpriority=\"high\" decoding=\"async\" width=\"430\" height=\"265\" src=\"https:\/\/stelizabethnyc.org\/wp-content\/uploads\/2021\/09\/Diseno-sin-titulo.jpg\" class=\"attachment-full size-full wp-image-662\" alt=\"\" srcset=\"https:\/\/stelizabethnyc.org\/wp-content\/uploads\/2021\/09\/Diseno-sin-titulo.jpg 430w, https:\/\/stelizabethnyc.org\/wp-content\/uploads\/2021\/09\/Diseno-sin-titulo-300x185.jpg 300w\" sizes=\"(max-width: 430px) 100vw, 430px\" \/>\t\t\t\t\t\t\t\t\t\t\t\t\t\t\t<\/div>\n\t\t\t\t<\/div>\n\t\t\t\t<div class=\"elementor-element elementor-element-e7f2745 elementor-widget elementor-widget-text-editor\" data-id=\"e7f2745\" data-element_type=\"widget\" data-widget_type=\"text-editor.default\">\n\t\t\t\t<div class=\"elementor-widget-container\">\n\t\t\t\t\t\t\t\t\t<p>Si desea m\u00e1s informaci\u00f3n sobre el matrimonio cat\u00f3lico, llame a nuestra oficina para concertar una cita con uno de nuestros sacerdotes.<\/p>\t\t\t\t\t\t\t\t<\/div>\n\t\t\t\t<\/div>\n\t\t\t\t\t<\/div>\n\t\t<\/div>\n\t\t\t\t\t<\/div>\n\t\t<\/section>\n\t\t\t\t<\/div>","protected":false},"excerpt":{"rendered":"<p>&#8220;Marriage is a community of love a way of personal and other salvationt&#8221; He Said in reply, &#8221; have you not read that from the beginning the Creator made them male and famale, and said, for this reason a man shall leave his father and mother and be joined to his wife, and the two [&hellip;]<\/p>","protected":false},"author":1,"featured_media":0,"parent":0,"menu_order":0,"comment_status":"closed","ping_status":"closed","template":"","meta":{"footnotes":""},"class_list":["post-602","page","type-page","status-publish","hentry"],"_links":{"self":[{"href":"https:\/\/stelizabethnyc.org\/es\/wp-json\/wp\/v2\/pages\/602","targetHints":{"allow":["GET"]}}],"collection":[{"href":"https:\/\/stelizabethnyc.org\/es\/wp-json\/wp\/v2\/pages"}],"about":[{"href":"https:\/\/stelizabethnyc.org\/es\/wp-json\/wp\/v2\/types\/page"}],"author":[{"embeddable":true,"href":"https:\/\/stelizabethnyc.org\/es\/wp-json\/wp\/v2\/users\/1"}],"replies":[{"embeddable":true,"href":"https:\/\/stelizabethnyc.org\/es\/wp-json\/wp\/v2\/comments?post=602"}],"version-history":[{"count":0,"href":"https:\/\/stelizabethnyc.org\/es\/wp-json\/wp\/v2\/pages\/602\/revisions"}],"wp:attachment":[{"href":"https:\/\/stelizabethnyc.org\/es\/wp-json\/wp\/v2\/media?parent=602"}],"curies":[{"name":"wp","href":"https:\/\/api.w.org\/{rel}","templated":true}]}}