{"id":604,"date":"2021-09-14T14:44:46","date_gmt":"2021-09-14T14:44:46","guid":{"rendered":"http:\/\/stelizabethnyc.org\/?page_id=604"},"modified":"2021-09-14T20:11:13","modified_gmt":"2021-09-14T20:11:13","slug":"annointing-of-the-sick","status":"publish","type":"page","link":"https:\/\/stelizabethnyc.org\/es\/annointing-of-the-sick\/","title":{"rendered":"Unci\u00f3n de los enfermos"},"content":{"rendered":"<div data-elementor-type=\"wp-page\" data-elementor-id=\"604\" class=\"elementor elementor-604\" data-elementor-post-type=\"page\">\n\t\t\t\t\t\t<section class=\"elementor-section elementor-top-section elementor-element elementor-element-e36e893 elementor-section-full_width elementor-section-height-default elementor-section-height-default\" data-id=\"e36e893\" data-element_type=\"section\">\n\t\t\t\t\t\t<div class=\"elementor-container elementor-column-gap-default\">\n\t\t\t\t\t<div class=\"elementor-column elementor-col-100 elementor-top-column elementor-element elementor-element-3fe5e96\" data-id=\"3fe5e96\" data-element_type=\"column\">\n\t\t\t<div class=\"elementor-widget-wrap elementor-element-populated\">\n\t\t\t\t\t\t<div class=\"elementor-element elementor-element-7acbc94 elementor-widget elementor-widget-heading\" data-id=\"7acbc94\" data-element_type=\"widget\" data-widget_type=\"heading.default\">\n\t\t\t\t<div class=\"elementor-widget-container\">\n\t\t\t\t\t<h3 class=\"elementor-heading-title elementor-size-default\">Unci\u00f3n de enfermos<\/h3>\t\t\t\t<\/div>\n\t\t\t\t<\/div>\n\t\t\t\t<div class=\"elementor-element elementor-element-3c9ae22 elementor-widget elementor-widget-image\" data-id=\"3c9ae22\" data-element_type=\"widget\" data-widget_type=\"image.default\">\n\t\t\t\t<div class=\"elementor-widget-container\">\n\t\t\t\t\t\t\t\t\t\t\t\t\t\t\t<img fetchpriority=\"high\" decoding=\"async\" width=\"430\" height=\"265\" src=\"https:\/\/stelizabethnyc.org\/wp-content\/uploads\/2021\/09\/priest-illness.jpg\" class=\"attachment-full size-full wp-image-667\" alt=\"\" srcset=\"https:\/\/stelizabethnyc.org\/wp-content\/uploads\/2021\/09\/priest-illness.jpg 430w, https:\/\/stelizabethnyc.org\/wp-content\/uploads\/2021\/09\/priest-illness-300x185.jpg 300w\" sizes=\"(max-width: 430px) 100vw, 430px\" \/>\t\t\t\t\t\t\t\t\t\t\t\t\t\t\t<\/div>\n\t\t\t\t<\/div>\n\t\t\t\t<div class=\"elementor-element elementor-element-54ed1e2 elementor-widget elementor-widget-text-editor\" data-id=\"54ed1e2\" data-element_type=\"widget\" data-widget_type=\"text-editor.default\">\n\t\t\t\t<div class=\"elementor-widget-container\">\n\t\t\t\t\t\t\t\t\t<p>En el Sacramento de la Unci\u00f3n de los Enfermos de la Iglesia, a trav\u00e9s del ministerio del sacerdote, es Jes\u00fas quien toca a los enfermos para curarlos del pecado -y a veces incluso de la dolencia f\u00edsica-. Sus curaciones eran signos de la llegada del Reino de Dios. El mensaje central de su curaci\u00f3n nos habla de su plan de vencer el pecado y la muerte mediante su muerte y resurrecci\u00f3n.<\/p><p>El Rito de la Unci\u00f3n nos dice que no es necesario esperar a que una persona est\u00e9 a punto de morir para recibir el Sacramento. Basta con un juicio cuidadoso sobre la gravedad de la enfermedad.<\/p><p>Cuando se administra el Sacramento de la Unci\u00f3n de los Enfermos, el efecto esperado es que, si es la voluntad de Dios, la persona se cure f\u00edsicamente de la enfermedad. Pero aunque no haya curaci\u00f3n f\u00edsica, el efecto principal del Sacramento es una curaci\u00f3n espiritual por la que la persona enferma recibe el don del Esp\u00edritu Santo de paz y valor para afrontar las dificultades que acompa\u00f1an a la enfermedad grave o a la fragilidad de la vejez.<\/p>\t\t\t\t\t\t\t\t<\/div>\n\t\t\t\t<\/div>\n\t\t\t\t<div class=\"elementor-element elementor-element-70d8663 elementor-widget elementor-widget-text-editor\" data-id=\"70d8663\" data-element_type=\"widget\" data-widget_type=\"text-editor.default\">\n\t\t\t\t<div class=\"elementor-widget-container\">\n\t\t\t\t\t\t\t\t\t<p>Si desea m\u00e1s informaci\u00f3n sobre el matrimonio cat\u00f3lico, llame a nuestra oficina para concertar una cita con uno de nuestros sacerdotes.<\/p>\t\t\t\t\t\t\t\t<\/div>\n\t\t\t\t<\/div>\n\t\t\t\t\t<\/div>\n\t\t<\/div>\n\t\t\t\t\t<\/div>\n\t\t<\/section>\n\t\t\t\t<\/div>","protected":false},"excerpt":{"rendered":"<p>Annointing of the sick In the Church&#8217;s Sacrament of Anointing of the Sick, through the ministry of the priest, it is Jesus who touches the sick to heal them from sin \u2013 and sometimes even from physical ailment. His cures were signs of the arrival of the Kingdom of God. The core message of his [&hellip;]<\/p>","protected":false},"author":1,"featured_media":0,"parent":0,"menu_order":0,"comment_status":"closed","ping_status":"closed","template":"","meta":{"footnotes":""},"class_list":["post-604","page","type-page","status-publish","hentry"],"_links":{"self":[{"href":"https:\/\/stelizabethnyc.org\/es\/wp-json\/wp\/v2\/pages\/604","targetHints":{"allow":["GET"]}}],"collection":[{"href":"https:\/\/stelizabethnyc.org\/es\/wp-json\/wp\/v2\/pages"}],"about":[{"href":"https:\/\/stelizabethnyc.org\/es\/wp-json\/wp\/v2\/types\/page"}],"author":[{"embeddable":true,"href":"https:\/\/stelizabethnyc.org\/es\/wp-json\/wp\/v2\/users\/1"}],"replies":[{"embeddable":true,"href":"https:\/\/stelizabethnyc.org\/es\/wp-json\/wp\/v2\/comments?post=604"}],"version-history":[{"count":0,"href":"https:\/\/stelizabethnyc.org\/es\/wp-json\/wp\/v2\/pages\/604\/revisions"}],"wp:attachment":[{"href":"https:\/\/stelizabethnyc.org\/es\/wp-json\/wp\/v2\/media?parent=604"}],"curies":[{"name":"wp","href":"https:\/\/api.w.org\/{rel}","templated":true}]}}