{"id":606,"date":"2021-09-14T14:45:12","date_gmt":"2021-09-14T14:45:12","guid":{"rendered":"http:\/\/stelizabethnyc.org\/?page_id=606"},"modified":"2021-09-19T13:49:28","modified_gmt":"2021-09-19T13:49:28","slug":"holy-orders","status":"publish","type":"page","link":"https:\/\/stelizabethnyc.org\/es\/holy-orders\/","title":{"rendered":"Orden Sagrada"},"content":{"rendered":"<div data-elementor-type=\"wp-page\" data-elementor-id=\"606\" class=\"elementor elementor-606\" data-elementor-post-type=\"page\">\n\t\t\t\t\t\t<section class=\"elementor-section elementor-top-section elementor-element elementor-element-3c26461c elementor-section-full_width elementor-section-height-default elementor-section-height-default\" data-id=\"3c26461c\" data-element_type=\"section\">\n\t\t\t\t\t\t<div class=\"elementor-container elementor-column-gap-default\">\n\t\t\t\t\t<div class=\"elementor-column elementor-col-100 elementor-top-column elementor-element elementor-element-35910e3a\" data-id=\"35910e3a\" data-element_type=\"column\">\n\t\t\t<div class=\"elementor-widget-wrap elementor-element-populated\">\n\t\t\t\t\t\t<div class=\"elementor-element elementor-element-e5f2ca4 elementor-widget elementor-widget-heading\" data-id=\"e5f2ca4\" data-element_type=\"widget\" data-widget_type=\"heading.default\">\n\t\t\t\t<div class=\"elementor-widget-container\">\n\t\t\t\t\t<h3 class=\"elementor-heading-title elementor-size-default\">Ordenaci\u00f3n sacerdotal <\/br>es siempre una llamada y un regalo de Dios<\/h3>\t\t\t\t<\/div>\n\t\t\t\t<\/div>\n\t\t\t\t<div class=\"elementor-element elementor-element-02f104a elementor-widget elementor-widget-image\" data-id=\"02f104a\" data-element_type=\"widget\" data-widget_type=\"image.default\">\n\t\t\t\t<div class=\"elementor-widget-container\">\n\t\t\t\t\t\t\t\t\t\t\t\t\t\t\t<img fetchpriority=\"high\" decoding=\"async\" width=\"430\" height=\"265\" src=\"https:\/\/stelizabethnyc.org\/wp-content\/uploads\/2021\/09\/holy-orders.jpg\" class=\"attachment-large size-large wp-image-672\" alt=\"\" srcset=\"https:\/\/stelizabethnyc.org\/wp-content\/uploads\/2021\/09\/holy-orders.jpg 430w, https:\/\/stelizabethnyc.org\/wp-content\/uploads\/2021\/09\/holy-orders-300x185.jpg 300w\" sizes=\"(max-width: 430px) 100vw, 430px\" \/>\t\t\t\t\t\t\t\t\t\t\t\t\t\t\t<\/div>\n\t\t\t\t<\/div>\n\t\t\t\t<div class=\"elementor-element elementor-element-5a08037b elementor-widget elementor-widget-text-editor\" data-id=\"5a08037b\" data-element_type=\"widget\" data-widget_type=\"text-editor.default\">\n\t\t\t\t<div class=\"elementor-widget-container\">\n\t\t\t\t\t\t\t\t\t<p>El Sacramento del Orden confiere los poderes y funciones de los obispos, sacerdotes y di\u00e1conos a los hombres que han sido ordenados. Usted es bienvenido a hablar con nuestro p\u00e1rroco si tiene un llamado al ministerio.<\/p><p>Cristo record\u00f3 a sus Ap\u00f3stoles que deb\u00edan pedir al Se\u00f1or de la mies que enviara obreros a la mies. Los que buscan el sacerdocio responden generosamente a la llamada de Dios con las palabras del profeta: \"Aqu\u00ed estoy, env\u00edame\" (Is 6,8).<\/p><p>Esta llamada de Dios puede ser reconocida y comprendida a partir de los signos cotidianos que revelan su voluntad a los encargados de discernir la vocaci\u00f3n.<\/p>\t\t\t\t\t\t\t\t<\/div>\n\t\t\t\t<\/div>\n\t\t\t\t\t<\/div>\n\t\t<\/div>\n\t\t\t\t\t<\/div>\n\t\t<\/section>\n\t\t\t\t<\/div>","protected":false},"excerpt":{"rendered":"<p>Ordination to the priesthood is always a call and a gift from God The Sacrament of Holy Orders confers the powers and functions of bishops, priests, and deacons upon men who have been ordained. You are most welcome to speak with our pastor if you have a call to the ministry. Christ reminded his Apostles [&hellip;]<\/p>","protected":false},"author":1,"featured_media":0,"parent":0,"menu_order":0,"comment_status":"closed","ping_status":"closed","template":"","meta":{"footnotes":""},"class_list":["post-606","page","type-page","status-publish","hentry"],"_links":{"self":[{"href":"https:\/\/stelizabethnyc.org\/es\/wp-json\/wp\/v2\/pages\/606","targetHints":{"allow":["GET"]}}],"collection":[{"href":"https:\/\/stelizabethnyc.org\/es\/wp-json\/wp\/v2\/pages"}],"about":[{"href":"https:\/\/stelizabethnyc.org\/es\/wp-json\/wp\/v2\/types\/page"}],"author":[{"embeddable":true,"href":"https:\/\/stelizabethnyc.org\/es\/wp-json\/wp\/v2\/users\/1"}],"replies":[{"embeddable":true,"href":"https:\/\/stelizabethnyc.org\/es\/wp-json\/wp\/v2\/comments?post=606"}],"version-history":[{"count":0,"href":"https:\/\/stelizabethnyc.org\/es\/wp-json\/wp\/v2\/pages\/606\/revisions"}],"wp:attachment":[{"href":"https:\/\/stelizabethnyc.org\/es\/wp-json\/wp\/v2\/media?parent=606"}],"curies":[{"name":"wp","href":"https:\/\/api.w.org\/{rel}","templated":true}]}}